{"id":1755,"date":"2026-01-02T01:20:22","date_gmt":"2026-01-02T01:20:22","guid":{"rendered":"https:\/\/datajusta.cl\/?page_id=1755"},"modified":"2026-01-14T21:37:52","modified_gmt":"2026-01-14T21:37:52","slug":"investigacion","status":"publish","type":"page","link":"https:\/\/datajusta.cl\/en\/investigacion\/","title":{"rendered":"Research"},"content":{"rendered":"<div data-elementor-type=\"wp-page\" data-elementor-id=\"1755\" class=\"elementor elementor-1755\">\n\t\t\t\t<div class=\"elementor-element elementor-element-3d8efbe e-flex e-con-boxed e-con e-parent\" data-id=\"3d8efbe\" data-element_type=\"container\" data-settings=\"{&quot;background_background&quot;:&quot;classic&quot;}\">\n\t\t\t\t\t<div class=\"e-con-inner\">\n\t\t\t\t<div class=\"elementor-element elementor-element-898862c animated-slow elementor-invisible elementor-widget elementor-widget-heading\" data-id=\"898862c\" data-element_type=\"widget\" data-settings=\"{&quot;_animation&quot;:&quot;fadeInUp&quot;,&quot;_animation_delay&quot;:100}\" data-widget_type=\"heading.default\">\n\t\t\t\t<div class=\"elementor-widget-container\">\n\t\t\t\t\t<h1 class=\"elementor-heading-title elementor-size-default\">Research<\/h1>\t\t\t\t<\/div>\n\t\t\t\t<\/div>\n\t\t\t\t\t<\/div>\n\t\t\t\t<\/div>\n\t\t<div class=\"elementor-element elementor-element-9550a8c e-flex e-con-boxed e-con e-parent\" data-id=\"9550a8c\" data-element_type=\"container\" data-settings=\"{&quot;background_background&quot;:&quot;classic&quot;}\">\n\t\t\t\t\t<div class=\"e-con-inner\">\n\t\t\t\t<div class=\"elementor-element elementor-element-10c7eff animated-slow elementor-widget__width-initial elementor-widget-tablet__width-inherit elementor-invisible elementor-widget elementor-widget-text-editor\" data-id=\"10c7eff\" data-element_type=\"widget\" data-settings=\"{&quot;_animation&quot;:&quot;fadeInUp&quot;,&quot;_animation_delay&quot;:100}\" data-widget_type=\"text-editor.default\">\n\t\t\t\t<div class=\"elementor-widget-container\">\n\t\t\t\t\t\t\t\t\t<p>A cohesive and experienced team, with a track record in human rights accountability, reparation, legal defense, and social theory and methods, focuses on three research lines through multi-sited ethnography:<\/p>\t\t\t\t\t\t\t\t<\/div>\n\t\t\t\t<\/div>\n\t\t\t\t\t<\/div>\n\t\t\t\t<\/div>\n\t\t<div class=\"elementor-element elementor-element-cc19240 e-flex e-con-boxed e-con e-parent\" data-id=\"cc19240\" data-element_type=\"container\" data-settings=\"{&quot;background_background&quot;:&quot;classic&quot;}\">\n\t\t\t\t\t<div class=\"e-con-inner\">\n\t\t<div class=\"elementor-element elementor-element-53ebf23 e-con-full e-flex e-con e-child\" data-id=\"53ebf23\" data-element_type=\"container\" data-settings=\"{&quot;background_background&quot;:&quot;classic&quot;}\">\n\t\t<div class=\"elementor-element elementor-element-dc675a1 e-con-full e-flex e-con e-child\" data-id=\"dc675a1\" data-element_type=\"container\">\n\t\t\t\t<div class=\"elementor-element elementor-element-1970c12 animated-slow elementor-invisible elementor-widget elementor-widget-heading\" data-id=\"1970c12\" data-element_type=\"widget\" data-settings=\"{&quot;_animation&quot;:&quot;fadeInUp&quot;,&quot;_animation_delay&quot;:100}\" data-widget_type=\"heading.default\">\n\t\t\t\t<div class=\"elementor-widget-container\">\n\t\t\t\t\t<h2 class=\"elementor-heading-title elementor-size-default\">1<\/h2>\t\t\t\t<\/div>\n\t\t\t\t<\/div>\n\t\t\t\t<\/div>\n\t\t<div class=\"elementor-element elementor-element-c748140 e-con-full e-flex e-con e-child\" data-id=\"c748140\" data-element_type=\"container\">\n\t\t\t\t<div class=\"elementor-element elementor-element-a0213af animated-slow elementor-widget__width-auto elementor-invisible elementor-widget elementor-widget-heading\" data-id=\"a0213af\" data-element_type=\"widget\" data-settings=\"{&quot;_animation&quot;:&quot;fadeInUp&quot;,&quot;_animation_delay&quot;:100}\" data-widget_type=\"heading.default\">\n\t\t\t\t<div class=\"elementor-widget-container\">\n\t\t\t\t\t<h2 class=\"elementor-heading-title elementor-size-default\">Data production and use<\/h2>\t\t\t\t<\/div>\n\t\t\t\t<\/div>\n\t\t\t\t<div class=\"elementor-element elementor-element-7c79b7a animated-slow elementor-widget__width-inherit elementor-invisible elementor-widget elementor-widget-text-editor\" data-id=\"7c79b7a\" data-element_type=\"widget\" data-settings=\"{&quot;_animation&quot;:&quot;fadeInUp&quot;,&quot;_animation_delay&quot;:100}\" data-widget_type=\"text-editor.default\">\n\t\t\t\t<div class=\"elementor-widget-container\">\n\t\t\t\t\t\t\t\t\t<p>We identify and analyze knowledge infrastructures regarding victims, including records,\ndatabases, laws, regulations, protocols, professionals, operations and data systems.<\/p>\t\t\t\t\t\t\t\t<\/div>\n\t\t\t\t<\/div>\n\t\t\t\t<\/div>\n\t\t\t\t<\/div>\n\t\t<div class=\"elementor-element elementor-element-3899328 e-con-full e-flex e-con e-child\" data-id=\"3899328\" data-element_type=\"container\" data-settings=\"{&quot;background_background&quot;:&quot;classic&quot;}\">\n\t\t<div class=\"elementor-element elementor-element-78750de e-con-full e-flex e-con e-child\" data-id=\"78750de\" data-element_type=\"container\">\n\t\t\t\t<div class=\"elementor-element elementor-element-af0f43d animated-slow elementor-invisible elementor-widget elementor-widget-heading\" data-id=\"af0f43d\" data-element_type=\"widget\" data-settings=\"{&quot;_animation&quot;:&quot;fadeInUp&quot;,&quot;_animation_delay&quot;:100}\" data-widget_type=\"heading.default\">\n\t\t\t\t<div class=\"elementor-widget-container\">\n\t\t\t\t\t<h2 class=\"elementor-heading-title elementor-size-default\">2<\/h2>\t\t\t\t<\/div>\n\t\t\t\t<\/div>\n\t\t\t\t<\/div>\n\t\t<div class=\"elementor-element elementor-element-14e68b8 e-con-full e-flex e-con e-child\" data-id=\"14e68b8\" data-element_type=\"container\">\n\t\t\t\t<div class=\"elementor-element elementor-element-88e91c6 animated-slow elementor-widget__width-auto elementor-invisible elementor-widget elementor-widget-heading\" data-id=\"88e91c6\" data-element_type=\"widget\" data-settings=\"{&quot;_animation&quot;:&quot;fadeInUp&quot;,&quot;_animation_delay&quot;:100}\" data-widget_type=\"heading.default\">\n\t\t\t\t<div class=\"elementor-widget-container\">\n\t\t\t\t\t<h2 class=\"elementor-heading-title elementor-size-default\">Victims' management, assistance, and reparation<\/h2>\t\t\t\t<\/div>\n\t\t\t\t<\/div>\n\t\t\t\t<div class=\"elementor-element elementor-element-d3dc2c9 animated-slow elementor-widget__width-inherit elementor-invisible elementor-widget elementor-widget-text-editor\" data-id=\"d3dc2c9\" data-element_type=\"widget\" data-settings=\"{&quot;_animation&quot;:&quot;fadeInUp&quot;,&quot;_animation_delay&quot;:100}\" data-widget_type=\"text-editor.default\">\n\t\t\t\t<div class=\"elementor-widget-container\">\n\t\t\t\t\t\t\t\t\t<p>We examine state institutions' strategies and techniques related to victims, including standards, assistance practices and reparation. By analyzing victims' trajectories and their interactions with professionals, we assess assistance practices, psychosocial support, their outcomes, and the impact of this work on professionals.<\/p>\t\t\t\t\t\t\t\t<\/div>\n\t\t\t\t<\/div>\n\t\t\t\t<\/div>\n\t\t\t\t<\/div>\n\t\t<div class=\"elementor-element elementor-element-cb343f2 e-con-full e-flex e-con e-child\" data-id=\"cb343f2\" data-element_type=\"container\" data-settings=\"{&quot;background_background&quot;:&quot;classic&quot;}\">\n\t\t<div class=\"elementor-element elementor-element-c05d9d0 e-con-full e-flex e-con e-child\" data-id=\"c05d9d0\" data-element_type=\"container\">\n\t\t\t\t<div class=\"elementor-element elementor-element-8c2c410 animated-slow elementor-invisible elementor-widget elementor-widget-heading\" data-id=\"8c2c410\" data-element_type=\"widget\" data-settings=\"{&quot;_animation&quot;:&quot;fadeInUp&quot;,&quot;_animation_delay&quot;:100}\" data-widget_type=\"heading.default\">\n\t\t\t\t<div class=\"elementor-widget-container\">\n\t\t\t\t\t<h2 class=\"elementor-heading-title elementor-size-default\">3<\/h2>\t\t\t\t<\/div>\n\t\t\t\t<\/div>\n\t\t\t\t<\/div>\n\t\t<div class=\"elementor-element elementor-element-62e7e25 e-con-full e-flex e-con e-child\" data-id=\"62e7e25\" data-element_type=\"container\">\n\t\t\t\t<div class=\"elementor-element elementor-element-73ef9d3 animated-slow elementor-widget__width-auto elementor-invisible elementor-widget elementor-widget-heading\" data-id=\"73ef9d3\" data-element_type=\"widget\" data-settings=\"{&quot;_animation&quot;:&quot;fadeInUp&quot;,&quot;_animation_delay&quot;:100}\" data-widget_type=\"heading.default\">\n\t\t\t\t<div class=\"elementor-widget-container\">\n\t\t\t\t\t<h2 class=\"elementor-heading-title elementor-size-default\">Control, surveillance, and State compliance with\ncommitments regarding victims<\/h2>\t\t\t\t<\/div>\n\t\t\t\t<\/div>\n\t\t\t\t<div class=\"elementor-element elementor-element-641f6ae animated-slow elementor-widget__width-inherit elementor-invisible elementor-widget elementor-widget-text-editor\" data-id=\"641f6ae\" data-element_type=\"widget\" data-settings=\"{&quot;_animation&quot;:&quot;fadeInUp&quot;,&quot;_animation_delay&quot;:100}\" data-widget_type=\"text-editor.default\">\n\t\t\t\t<div class=\"elementor-widget-container\">\n\t\t\t\t\t\t\t\t\t<p>Based on state obligations established in laws, regulations, and institutional mandates, we review and propose ethical data usage and collaboration adjustments between institutions, aiming to enhance the State's capacity to efficiently ensure psychosocial support, legal representation, and reparation and rehabilitation actions.<\/p>\t\t\t\t\t\t\t\t<\/div>\n\t\t\t\t<\/div>\n\t\t\t\t<\/div>\n\t\t\t\t<\/div>\n\t\t\t\t\t<\/div>\n\t\t\t\t<\/div>\n\t\t\t\t<\/div>","protected":false},"excerpt":{"rendered":"<p>Investigaci\u00f3n Un equipo cohesionado y experimentado en derechos humanos, reparaci\u00f3n, defensa legal y teor\u00eda y m\u00e9todos sociales, se enfocar\u00e1 en [&hellip;]<\/p>","protected":false},"author":1,"featured_media":0,"parent":0,"menu_order":0,"comment_status":"closed","ping_status":"closed","template":"","meta":{"_acf_changed":false,"site-sidebar-layout":"no-sidebar","site-content-layout":"","ast-site-content-layout":"full-width-container","site-content-style":"default","site-sidebar-style":"default","ast-global-header-display":"","ast-banner-title-visibility":"","ast-main-header-display":"","ast-hfb-above-header-display":"","ast-hfb-below-header-display":"","ast-hfb-mobile-header-display":"","site-post-title":"disabled","ast-breadcrumbs-content":"","ast-featured-img":"disabled","footer-sml-layout":"","theme-transparent-header-meta":"","adv-header-id-meta":"","stick-header-meta":"","header-above-stick-meta":"","header-main-stick-meta":"","header-below-stick-meta":"","astra-migrate-meta-layouts":"default","ast-page-background-enabled":"default","ast-page-background-meta":{"desktop":{"background-color":"var(--ast-global-color-4)","background-image":"","background-repeat":"repeat","background-position":"center center","background-size":"auto","background-attachment":"scroll","background-type":"","background-media":"","overlay-type":"","overlay-color":"","overlay-opacity":"","overlay-gradient":""},"tablet":{"background-color":"","background-image":"","background-repeat":"repeat","background-position":"center center","background-size":"auto","background-attachment":"scroll","background-type":"","background-media":"","overlay-type":"","overlay-color":"","overlay-opacity":"","overlay-gradient":""},"mobile":{"background-color":"","background-image":"","background-repeat":"repeat","background-position":"center center","background-size":"auto","background-attachment":"scroll","background-type":"","background-media":"","overlay-type":"","overlay-color":"","overlay-opacity":"","overlay-gradient":""}},"ast-content-background-meta":{"desktop":{"background-color":"var(--ast-global-color-5)","background-image":"","background-repeat":"repeat","background-position":"center center","background-size":"auto","background-attachment":"scroll","background-type":"","background-media":"","overlay-type":"","overlay-color":"","overlay-opacity":"","overlay-gradient":""},"tablet":{"background-color":"var(--ast-global-color-5)","background-image":"","background-repeat":"repeat","background-position":"center center","background-size":"auto","background-attachment":"scroll","background-type":"","background-media":"","overlay-type":"","overlay-color":"","overlay-opacity":"","overlay-gradient":""},"mobile":{"background-color":"var(--ast-global-color-5)","background-image":"","background-repeat":"repeat","background-position":"center center","background-size":"auto","background-attachment":"scroll","background-type":"","background-media":"","overlay-type":"","overlay-color":"","overlay-opacity":"","overlay-gradient":""}},"footnotes":""},"class_list":["post-1755","page","type-page","status-publish","hentry"],"acf":[],"yoast_head":"<!-- This site is optimized with the Yoast SEO plugin v26.6 - https:\/\/yoast.com\/wordpress\/plugins\/seo\/ -->\n<title>Investigaci\u00f3n - Data Justa<\/title>\n<meta name=\"robots\" content=\"index, follow, max-snippet:-1, max-image-preview:large, max-video-preview:-1\" \/>\n<link rel=\"canonical\" href=\"https:\/\/datajusta.cl\/en\/investigacion\/\" \/>\n<meta property=\"og:locale\" content=\"en_US\" \/>\n<meta property=\"og:type\" content=\"article\" \/>\n<meta property=\"og:title\" content=\"Investigaci\u00f3n - Data Justa\" \/>\n<meta property=\"og:description\" content=\"Investigaci\u00f3n Un equipo cohesionado y experimentado en derechos humanos, reparaci\u00f3n, defensa legal y teor\u00eda y m\u00e9todos sociales, se enfocar\u00e1 en [&hellip;]\" \/>\n<meta property=\"og:url\" content=\"https:\/\/datajusta.cl\/en\/investigacion\/\" \/>\n<meta property=\"og:site_name\" content=\"Data Justa\" \/>\n<meta property=\"article:publisher\" content=\"https:\/\/www.facebook.com\/profile.php?id=61568091486805\" \/>\n<meta property=\"article:modified_time\" content=\"2026-01-14T21:37:52+00:00\" \/>\n<meta name=\"twitter:card\" content=\"summary_large_image\" \/>\n<meta name=\"twitter:label1\" content=\"Est. reading time\" \/>\n\t<meta name=\"twitter:data1\" content=\"1 minute\" \/>\n<script type=\"application\/ld+json\" class=\"yoast-schema-graph\">{\"@context\":\"https:\/\/schema.org\",\"@graph\":[{\"@type\":\"WebPage\",\"@id\":\"https:\/\/datajusta.cl\/investigacion\/\",\"url\":\"https:\/\/datajusta.cl\/investigacion\/\",\"name\":\"Investigaci\u00f3n - Data Justa\",\"isPartOf\":{\"@id\":\"https:\/\/datajusta.cl\/#website\"},\"datePublished\":\"2026-01-02T01:20:22+00:00\",\"dateModified\":\"2026-01-14T21:37:52+00:00\",\"breadcrumb\":{\"@id\":\"https:\/\/datajusta.cl\/investigacion\/#breadcrumb\"},\"inLanguage\":\"en-US\",\"potentialAction\":[{\"@type\":\"ReadAction\",\"target\":[\"https:\/\/datajusta.cl\/investigacion\/\"]}]},{\"@type\":\"BreadcrumbList\",\"@id\":\"https:\/\/datajusta.cl\/investigacion\/#breadcrumb\",\"itemListElement\":[{\"@type\":\"ListItem\",\"position\":1,\"name\":\"Home\",\"item\":\"https:\/\/datajusta.cl\/\"},{\"@type\":\"ListItem\",\"position\":2,\"name\":\"Investigaci\u00f3n\"}]},{\"@type\":\"WebSite\",\"@id\":\"https:\/\/datajusta.cl\/#website\",\"url\":\"https:\/\/datajusta.cl\/\",\"name\":\"NupatS\",\"description\":\"N\u00facleo Milenio DATA JUSTA\",\"publisher\":{\"@id\":\"https:\/\/datajusta.cl\/#organization\"},\"potentialAction\":[{\"@type\":\"SearchAction\",\"target\":{\"@type\":\"EntryPoint\",\"urlTemplate\":\"https:\/\/datajusta.cl\/?s={search_term_string}\"},\"query-input\":{\"@type\":\"PropertyValueSpecification\",\"valueRequired\":true,\"valueName\":\"search_term_string\"}}],\"inLanguage\":\"en-US\"},{\"@type\":\"Organization\",\"@id\":\"https:\/\/datajusta.cl\/#organization\",\"name\":\"NupatS\",\"url\":\"https:\/\/datajusta.cl\/\",\"logo\":{\"@type\":\"ImageObject\",\"inLanguage\":\"en-US\",\"@id\":\"https:\/\/datajusta.cl\/#\/schema\/logo\/image\/\",\"url\":\"https:\/\/datajusta.cl\/wp-content\/uploads\/2024\/11\/logo-horizontal.webp\",\"contentUrl\":\"https:\/\/datajusta.cl\/wp-content\/uploads\/2024\/11\/logo-horizontal.webp\",\"width\":600,\"height\":228,\"caption\":\"NupatS\"},\"image\":{\"@id\":\"https:\/\/datajusta.cl\/#\/schema\/logo\/image\/\"},\"sameAs\":[\"https:\/\/www.facebook.com\/profile.php?id=61568091486805\",\"https:\/\/www.instagram.com\/nucleomilenionupats\",\"https:\/\/www.linkedin.com\/company\/ncleo-milenio-nupats\/\"]}]}<\/script>\n<!-- \/ Yoast SEO plugin. -->","yoast_head_json":{"title":"Investigaci\u00f3n - Data Justa","robots":{"index":"index","follow":"follow","max-snippet":"max-snippet:-1","max-image-preview":"max-image-preview:large","max-video-preview":"max-video-preview:-1"},"canonical":"https:\/\/datajusta.cl\/en\/investigacion\/","og_locale":"en_US","og_type":"article","og_title":"Investigaci\u00f3n - Data Justa","og_description":"Investigaci\u00f3n Un equipo cohesionado y experimentado en derechos humanos, reparaci\u00f3n, defensa legal y teor\u00eda y m\u00e9todos sociales, se enfocar\u00e1 en [&hellip;]","og_url":"https:\/\/datajusta.cl\/en\/investigacion\/","og_site_name":"Data Justa","article_publisher":"https:\/\/www.facebook.com\/profile.php?id=61568091486805","article_modified_time":"2026-01-14T21:37:52+00:00","twitter_card":"summary_large_image","twitter_misc":{"Est. reading time":"1 minute"},"schema":{"@context":"https:\/\/schema.org","@graph":[{"@type":"WebPage","@id":"https:\/\/datajusta.cl\/investigacion\/","url":"https:\/\/datajusta.cl\/investigacion\/","name":"Investigaci\u00f3n - Data Justa","isPartOf":{"@id":"https:\/\/datajusta.cl\/#website"},"datePublished":"2026-01-02T01:20:22+00:00","dateModified":"2026-01-14T21:37:52+00:00","breadcrumb":{"@id":"https:\/\/datajusta.cl\/investigacion\/#breadcrumb"},"inLanguage":"en-US","potentialAction":[{"@type":"ReadAction","target":["https:\/\/datajusta.cl\/investigacion\/"]}]},{"@type":"BreadcrumbList","@id":"https:\/\/datajusta.cl\/investigacion\/#breadcrumb","itemListElement":[{"@type":"ListItem","position":1,"name":"Home","item":"https:\/\/datajusta.cl\/"},{"@type":"ListItem","position":2,"name":"Investigaci\u00f3n"}]},{"@type":"WebSite","@id":"https:\/\/datajusta.cl\/#website","url":"https:\/\/datajusta.cl\/","name":"NupatS","description":"N\u00facleo Milenio DATA JUSTA","publisher":{"@id":"https:\/\/datajusta.cl\/#organization"},"potentialAction":[{"@type":"SearchAction","target":{"@type":"EntryPoint","urlTemplate":"https:\/\/datajusta.cl\/?s={search_term_string}"},"query-input":{"@type":"PropertyValueSpecification","valueRequired":true,"valueName":"search_term_string"}}],"inLanguage":"en-US"},{"@type":"Organization","@id":"https:\/\/datajusta.cl\/#organization","name":"NupatS","url":"https:\/\/datajusta.cl\/","logo":{"@type":"ImageObject","inLanguage":"en-US","@id":"https:\/\/datajusta.cl\/#\/schema\/logo\/image\/","url":"https:\/\/datajusta.cl\/wp-content\/uploads\/2024\/11\/logo-horizontal.webp","contentUrl":"https:\/\/datajusta.cl\/wp-content\/uploads\/2024\/11\/logo-horizontal.webp","width":600,"height":228,"caption":"NupatS"},"image":{"@id":"https:\/\/datajusta.cl\/#\/schema\/logo\/image\/"},"sameAs":["https:\/\/www.facebook.com\/profile.php?id=61568091486805","https:\/\/www.instagram.com\/nucleomilenionupats","https:\/\/www.linkedin.com\/company\/ncleo-milenio-nupats\/"]}]}},"_links":{"self":[{"href":"https:\/\/datajusta.cl\/en\/wp-json\/wp\/v2\/pages\/1755","targetHints":{"allow":["GET"]}}],"collection":[{"href":"https:\/\/datajusta.cl\/en\/wp-json\/wp\/v2\/pages"}],"about":[{"href":"https:\/\/datajusta.cl\/en\/wp-json\/wp\/v2\/types\/page"}],"author":[{"embeddable":true,"href":"https:\/\/datajusta.cl\/en\/wp-json\/wp\/v2\/users\/1"}],"replies":[{"embeddable":true,"href":"https:\/\/datajusta.cl\/en\/wp-json\/wp\/v2\/comments?post=1755"}],"version-history":[{"count":5,"href":"https:\/\/datajusta.cl\/en\/wp-json\/wp\/v2\/pages\/1755\/revisions"}],"predecessor-version":[{"id":1934,"href":"https:\/\/datajusta.cl\/en\/wp-json\/wp\/v2\/pages\/1755\/revisions\/1934"}],"wp:attachment":[{"href":"https:\/\/datajusta.cl\/en\/wp-json\/wp\/v2\/media?parent=1755"}],"curies":[{"name":"wp","href":"https:\/\/api.w.org\/{rel}","templated":true}]}}