{"id":1759,"date":"2026-01-02T01:20:52","date_gmt":"2026-01-02T01:20:52","guid":{"rendered":"https:\/\/datajusta.cl\/?page_id=1759"},"modified":"2026-01-14T21:38:40","modified_gmt":"2026-01-14T21:38:40","slug":"plataforma-data-justa","status":"publish","type":"page","link":"https:\/\/datajusta.cl\/en\/plataforma-data-justa\/","title":{"rendered":"Data Justa Platform"},"content":{"rendered":"<div data-elementor-type=\"wp-page\" data-elementor-id=\"1759\" class=\"elementor elementor-1759\">\n\t\t\t\t<div class=\"elementor-element elementor-element-380b777 e-flex e-con-boxed e-con e-parent\" data-id=\"380b777\" data-element_type=\"container\" data-settings=\"{&quot;background_background&quot;:&quot;classic&quot;}\">\n\t\t\t\t\t<div class=\"e-con-inner\">\n\t\t\t\t<div class=\"elementor-element elementor-element-fc82e6c animated-slow elementor-invisible elementor-widget elementor-widget-heading\" data-id=\"fc82e6c\" data-element_type=\"widget\" data-settings=\"{&quot;_animation&quot;:&quot;fadeInUp&quot;,&quot;_animation_delay&quot;:100}\" data-widget_type=\"heading.default\">\n\t\t\t\t<div class=\"elementor-widget-container\">\n\t\t\t\t\t<h1 class=\"elementor-heading-title elementor-size-default\">Data Justa Platform<\/h1>\t\t\t\t<\/div>\n\t\t\t\t<\/div>\n\t\t\t\t\t<\/div>\n\t\t\t\t<\/div>\n\t\t<div class=\"elementor-element elementor-element-b85974e e-flex e-con-boxed e-con e-parent\" data-id=\"b85974e\" data-element_type=\"container\" data-settings=\"{&quot;background_background&quot;:&quot;classic&quot;}\">\n\t\t\t\t\t<div class=\"e-con-inner\">\n\t\t\t\t<div class=\"elementor-element elementor-element-e10c24d animated-slow elementor-widget__width-initial elementor-widget-tablet__width-inherit elementor-invisible elementor-widget elementor-widget-text-editor\" data-id=\"e10c24d\" data-element_type=\"widget\" data-settings=\"{&quot;_animation&quot;:&quot;fadeInUp&quot;,&quot;_animation_delay&quot;:100}\" data-widget_type=\"text-editor.default\">\n\t\t\t\t<div class=\"elementor-widget-container\">\n\t\t\t\t\t\t\t\t\t<p>The Data Justa Platform is a dynamic, evolving, and adaptable space for feedback, collaboration, and the co-creation of knowledge among researchers, academics, and government officials. It serves as a key venue for exchanging knowledge and experiences related to data justice in cases of severe violations, as well as for the joint analysis of information produced during research.<\/p>\t\t\t\t\t\t\t\t<\/div>\n\t\t\t\t<\/div>\n\t\t\t\t\t<\/div>\n\t\t\t\t<\/div>\n\t\t<div class=\"elementor-element elementor-element-2d495fb2 e-grid e-con-boxed e-con e-parent\" data-id=\"2d495fb2\" data-element_type=\"container\">\n\t\t\t\t\t<div class=\"e-con-inner\">\n\t\t\t\t<div class=\"elementor-element elementor-element-475182dd animated-slow elementor-invisible elementor-widget elementor-widget-image\" data-id=\"475182dd\" data-element_type=\"widget\" data-settings=\"{&quot;_animation&quot;:&quot;fadeInLeft&quot;,&quot;_animation_delay&quot;:100}\" data-widget_type=\"image.default\">\n\t\t\t\t<div class=\"elementor-widget-container\">\n\t\t\t\t\t\t\t\t\t\t\t\t\t\t\t<img fetchpriority=\"high\" decoding=\"async\" width=\"930\" height=\"806\" src=\"https:\/\/datajusta.cl\/wp-content\/uploads\/2025\/02\/plataforma-1.jpeg\" class=\"attachment-large size-large wp-image-1115\" alt=\"\" srcset=\"https:\/\/datajusta.cl\/wp-content\/uploads\/2025\/02\/plataforma-1.jpeg 930w, https:\/\/datajusta.cl\/wp-content\/uploads\/2025\/02\/plataforma-1-300x260.jpeg 300w, https:\/\/datajusta.cl\/wp-content\/uploads\/2025\/02\/plataforma-1-768x666.jpeg 768w, https:\/\/datajusta.cl\/wp-content\/uploads\/2025\/02\/plataforma-1-14x12.jpeg 14w\" sizes=\"(max-width: 930px) 100vw, 930px\" \/>\t\t\t\t\t\t\t\t\t\t\t\t\t\t\t<\/div>\n\t\t\t\t<\/div>\n\t\t<div class=\"elementor-element elementor-element-2914a9ad e-con-full e-flex e-con e-child\" data-id=\"2914a9ad\" data-element_type=\"container\">\n\t\t\t\t<div class=\"elementor-element elementor-element-6fdaa907 animated-slow elementor-widget__width-inherit elementor-invisible elementor-widget elementor-widget-text-editor\" data-id=\"6fdaa907\" data-element_type=\"widget\" data-settings=\"{&quot;_animation&quot;:&quot;fadeInUp&quot;,&quot;_animation_delay&quot;:100}\" data-widget_type=\"text-editor.default\">\n\t\t\t\t<div class=\"elementor-widget-container\">\n\t\t\t\t\t\t\t\t\t<p>The Data Justa Platform aims to strengthen interdisciplinary collaboration and ensure the relevance and appropriateness of the conclusions and recommendations provided by the Millennium Nucleus regarding state institutional practices in the prevention, investigation, sanctioning, assistance, and reparation of victims of human rights violations and serious breaches.<\/p><p>The Data Justa Platform also serves as a means of ensuring transparency and promoting the public dissemination of progress and outputs generated throughout the research, in line with the principles of open science.<\/p>\t\t\t\t\t\t\t\t<\/div>\n\t\t\t\t<\/div>\n\t\t\t\t<\/div>\n\t\t\t\t\t<\/div>\n\t\t\t\t<\/div>\n\t\t<div class=\"elementor-element elementor-element-48621fb e-grid e-con-boxed e-con e-parent\" data-id=\"48621fb\" data-element_type=\"container\">\n\t\t\t\t\t<div class=\"e-con-inner\">\n\t\t<div class=\"elementor-element elementor-element-5d2df43 e-con-full e-flex e-con e-child\" data-id=\"5d2df43\" data-element_type=\"container\">\n\t\t\t\t<div class=\"elementor-element elementor-element-bde23dd animated-slow elementor-widget__width-inherit elementor-invisible elementor-widget elementor-widget-text-editor\" data-id=\"bde23dd\" data-element_type=\"widget\" data-settings=\"{&quot;_animation&quot;:&quot;fadeInUp&quot;,&quot;_animation_delay&quot;:100}\" data-widget_type=\"text-editor.default\">\n\t\t\t\t<div class=\"elementor-widget-container\">\n\t\t\t\t\t\t\t\t\t<p>In practice, the Data Justa Platform will operate through specialized technical working groups for each case study: human trafficking, attempted femicide, and institutional violence in the context of protests during the Social Uprising (2019\u20132020). This approach will enable an in-depth and specific analysis of each situation. As the project progresses, the Platform will evolve into a common space where all cases under study will be integrated, facilitating a productive exchange of practices, methodologies, strategies, and systems to support the protection and progressive advancement of human rights.<\/p>\t\t\t\t\t\t\t\t<\/div>\n\t\t\t\t<\/div>\n\t\t\t\t<\/div>\n\t\t\t\t<div class=\"elementor-element elementor-element-092c23a animated-slow elementor-invisible elementor-widget elementor-widget-image\" data-id=\"092c23a\" data-element_type=\"widget\" data-settings=\"{&quot;_animation&quot;:&quot;fadeInLeft&quot;,&quot;_animation_delay&quot;:100}\" data-widget_type=\"image.default\">\n\t\t\t\t<div class=\"elementor-widget-container\">\n\t\t\t\t\t\t\t\t\t\t\t\t\t\t\t<img decoding=\"async\" width=\"923\" height=\"801\" src=\"https:\/\/datajusta.cl\/wp-content\/uploads\/2025\/02\/plataforma-2.jpeg\" class=\"attachment-large size-large wp-image-1116\" alt=\"\" srcset=\"https:\/\/datajusta.cl\/wp-content\/uploads\/2025\/02\/plataforma-2.jpeg 923w, https:\/\/datajusta.cl\/wp-content\/uploads\/2025\/02\/plataforma-2-300x260.jpeg 300w, https:\/\/datajusta.cl\/wp-content\/uploads\/2025\/02\/plataforma-2-768x666.jpeg 768w, https:\/\/datajusta.cl\/wp-content\/uploads\/2025\/02\/plataforma-2-14x12.jpeg 14w\" sizes=\"(max-width: 923px) 100vw, 923px\" \/>\t\t\t\t\t\t\t\t\t\t\t\t\t\t\t<\/div>\n\t\t\t\t<\/div>\n\t\t\t\t\t<\/div>\n\t\t\t\t<\/div>\n\t\t\t\t<\/div>","protected":false},"excerpt":{"rendered":"<p>Plataforma Data Justa La Plataforma Data Justa es un espacio din\u00e1mico, evolutivo y adaptable para la retroalimentaci\u00f3n, colaboraci\u00f3n y co-creaci\u00f3n [&hellip;]<\/p>","protected":false},"author":1,"featured_media":0,"parent":0,"menu_order":0,"comment_status":"closed","ping_status":"closed","template":"elementor_header_footer","meta":{"_acf_changed":false,"site-sidebar-layout":"no-sidebar","site-content-layout":"","ast-site-content-layout":"full-width-container","site-content-style":"default","site-sidebar-style":"default","ast-global-header-display":"","ast-banner-title-visibility":"","ast-main-header-display":"","ast-hfb-above-header-display":"","ast-hfb-below-header-display":"","ast-hfb-mobile-header-display":"","site-post-title":"disabled","ast-breadcrumbs-content":"","ast-featured-img":"disabled","footer-sml-layout":"","theme-transparent-header-meta":"","adv-header-id-meta":"","stick-header-meta":"","header-above-stick-meta":"","header-main-stick-meta":"","header-below-stick-meta":"","astra-migrate-meta-layouts":"default","ast-page-background-enabled":"default","ast-page-background-meta":{"desktop":{"background-color":"var(--ast-global-color-4)","background-image":"","background-repeat":"repeat","background-position":"center center","background-size":"auto","background-attachment":"scroll","background-type":"","background-media":"","overlay-type":"","overlay-color":"","overlay-opacity":"","overlay-gradient":""},"tablet":{"background-color":"","background-image":"","background-repeat":"repeat","background-position":"center center","background-size":"auto","background-attachment":"scroll","background-type":"","background-media":"","overlay-type":"","overlay-color":"","overlay-opacity":"","overlay-gradient":""},"mobile":{"background-color":"","background-image":"","background-repeat":"repeat","background-position":"center center","background-size":"auto","background-attachment":"scroll","background-type":"","background-media":"","overlay-type":"","overlay-color":"","overlay-opacity":"","overlay-gradient":""}},"ast-content-background-meta":{"desktop":{"background-color":"var(--ast-global-color-5)","background-image":"","background-repeat":"repeat","background-position":"center center","background-size":"auto","background-attachment":"scroll","background-type":"","background-media":"","overlay-type":"","overlay-color":"","overlay-opacity":"","overlay-gradient":""},"tablet":{"background-color":"var(--ast-global-color-5)","background-image":"","background-repeat":"repeat","background-position":"center center","background-size":"auto","background-attachment":"scroll","background-type":"","background-media":"","overlay-type":"","overlay-color":"","overlay-opacity":"","overlay-gradient":""},"mobile":{"background-color":"var(--ast-global-color-5)","background-image":"","background-repeat":"repeat","background-position":"center center","background-size":"auto","background-attachment":"scroll","background-type":"","background-media":"","overlay-type":"","overlay-color":"","overlay-opacity":"","overlay-gradient":""}},"footnotes":""},"class_list":["post-1759","page","type-page","status-publish","hentry"],"acf":[],"yoast_head":"<!-- This site is optimized with the Yoast SEO plugin v26.6 - https:\/\/yoast.com\/wordpress\/plugins\/seo\/ -->\n<title>Plataforma Data Justa - Data Justa<\/title>\n<meta name=\"robots\" content=\"index, follow, max-snippet:-1, max-image-preview:large, max-video-preview:-1\" \/>\n<link rel=\"canonical\" href=\"https:\/\/datajusta.cl\/en\/plataforma-data-justa\/\" \/>\n<meta property=\"og:locale\" content=\"en_US\" \/>\n<meta property=\"og:type\" content=\"article\" \/>\n<meta property=\"og:title\" content=\"Plataforma Data Justa - Data Justa\" \/>\n<meta property=\"og:description\" content=\"Plataforma Data Justa La Plataforma Data Justa es un espacio din\u00e1mico, evolutivo y adaptable para la retroalimentaci\u00f3n, colaboraci\u00f3n y co-creaci\u00f3n [&hellip;]\" \/>\n<meta property=\"og:url\" content=\"https:\/\/datajusta.cl\/en\/plataforma-data-justa\/\" \/>\n<meta property=\"og:site_name\" content=\"Data Justa\" \/>\n<meta property=\"article:publisher\" content=\"https:\/\/www.facebook.com\/profile.php?id=61568091486805\" \/>\n<meta property=\"article:modified_time\" content=\"2026-01-14T21:38:40+00:00\" \/>\n<meta property=\"og:image\" content=\"https:\/\/datajusta.cl\/wp-content\/uploads\/2025\/02\/plataforma-1.jpeg\" \/>\n<meta name=\"twitter:card\" content=\"summary_large_image\" \/>\n<meta name=\"twitter:label1\" content=\"Est. reading time\" \/>\n\t<meta name=\"twitter:data1\" content=\"2 minutes\" \/>\n<script type=\"application\/ld+json\" class=\"yoast-schema-graph\">{\"@context\":\"https:\/\/schema.org\",\"@graph\":[{\"@type\":\"WebPage\",\"@id\":\"https:\/\/datajusta.cl\/plataforma-data-justa\/\",\"url\":\"https:\/\/datajusta.cl\/plataforma-data-justa\/\",\"name\":\"Plataforma Data Justa - Data Justa\",\"isPartOf\":{\"@id\":\"https:\/\/datajusta.cl\/#website\"},\"primaryImageOfPage\":{\"@id\":\"https:\/\/datajusta.cl\/plataforma-data-justa\/#primaryimage\"},\"image\":{\"@id\":\"https:\/\/datajusta.cl\/plataforma-data-justa\/#primaryimage\"},\"thumbnailUrl\":\"https:\/\/datajusta.cl\/wp-content\/uploads\/2025\/02\/plataforma-1.jpeg\",\"datePublished\":\"2026-01-02T01:20:52+00:00\",\"dateModified\":\"2026-01-14T21:38:40+00:00\",\"breadcrumb\":{\"@id\":\"https:\/\/datajusta.cl\/plataforma-data-justa\/#breadcrumb\"},\"inLanguage\":\"en-US\",\"potentialAction\":[{\"@type\":\"ReadAction\",\"target\":[\"https:\/\/datajusta.cl\/plataforma-data-justa\/\"]}]},{\"@type\":\"ImageObject\",\"inLanguage\":\"en-US\",\"@id\":\"https:\/\/datajusta.cl\/plataforma-data-justa\/#primaryimage\",\"url\":\"https:\/\/datajusta.cl\/wp-content\/uploads\/2025\/02\/plataforma-1.jpeg\",\"contentUrl\":\"https:\/\/datajusta.cl\/wp-content\/uploads\/2025\/02\/plataforma-1.jpeg\"},{\"@type\":\"BreadcrumbList\",\"@id\":\"https:\/\/datajusta.cl\/plataforma-data-justa\/#breadcrumb\",\"itemListElement\":[{\"@type\":\"ListItem\",\"position\":1,\"name\":\"Home\",\"item\":\"https:\/\/datajusta.cl\/\"},{\"@type\":\"ListItem\",\"position\":2,\"name\":\"Plataforma Data Justa\"}]},{\"@type\":\"WebSite\",\"@id\":\"https:\/\/datajusta.cl\/#website\",\"url\":\"https:\/\/datajusta.cl\/\",\"name\":\"NupatS\",\"description\":\"N\u00facleo Milenio DATA JUSTA\",\"publisher\":{\"@id\":\"https:\/\/datajusta.cl\/#organization\"},\"potentialAction\":[{\"@type\":\"SearchAction\",\"target\":{\"@type\":\"EntryPoint\",\"urlTemplate\":\"https:\/\/datajusta.cl\/?s={search_term_string}\"},\"query-input\":{\"@type\":\"PropertyValueSpecification\",\"valueRequired\":true,\"valueName\":\"search_term_string\"}}],\"inLanguage\":\"en-US\"},{\"@type\":\"Organization\",\"@id\":\"https:\/\/datajusta.cl\/#organization\",\"name\":\"NupatS\",\"url\":\"https:\/\/datajusta.cl\/\",\"logo\":{\"@type\":\"ImageObject\",\"inLanguage\":\"en-US\",\"@id\":\"https:\/\/datajusta.cl\/#\/schema\/logo\/image\/\",\"url\":\"https:\/\/datajusta.cl\/wp-content\/uploads\/2024\/11\/logo-horizontal.webp\",\"contentUrl\":\"https:\/\/datajusta.cl\/wp-content\/uploads\/2024\/11\/logo-horizontal.webp\",\"width\":600,\"height\":228,\"caption\":\"NupatS\"},\"image\":{\"@id\":\"https:\/\/datajusta.cl\/#\/schema\/logo\/image\/\"},\"sameAs\":[\"https:\/\/www.facebook.com\/profile.php?id=61568091486805\",\"https:\/\/www.instagram.com\/nucleomilenionupats\",\"https:\/\/www.linkedin.com\/company\/ncleo-milenio-nupats\/\"]}]}<\/script>\n<!-- \/ Yoast SEO plugin. -->","yoast_head_json":{"title":"Plataforma Data Justa - Data Justa","robots":{"index":"index","follow":"follow","max-snippet":"max-snippet:-1","max-image-preview":"max-image-preview:large","max-video-preview":"max-video-preview:-1"},"canonical":"https:\/\/datajusta.cl\/en\/plataforma-data-justa\/","og_locale":"en_US","og_type":"article","og_title":"Plataforma Data Justa - Data Justa","og_description":"Plataforma Data Justa La Plataforma Data Justa es un espacio din\u00e1mico, evolutivo y adaptable para la retroalimentaci\u00f3n, colaboraci\u00f3n y co-creaci\u00f3n [&hellip;]","og_url":"https:\/\/datajusta.cl\/en\/plataforma-data-justa\/","og_site_name":"Data Justa","article_publisher":"https:\/\/www.facebook.com\/profile.php?id=61568091486805","article_modified_time":"2026-01-14T21:38:40+00:00","og_image":[{"url":"https:\/\/datajusta.cl\/wp-content\/uploads\/2025\/02\/plataforma-1.jpeg","type":"","width":"","height":""}],"twitter_card":"summary_large_image","twitter_misc":{"Est. reading time":"2 minutes"},"schema":{"@context":"https:\/\/schema.org","@graph":[{"@type":"WebPage","@id":"https:\/\/datajusta.cl\/plataforma-data-justa\/","url":"https:\/\/datajusta.cl\/plataforma-data-justa\/","name":"Plataforma Data Justa - Data Justa","isPartOf":{"@id":"https:\/\/datajusta.cl\/#website"},"primaryImageOfPage":{"@id":"https:\/\/datajusta.cl\/plataforma-data-justa\/#primaryimage"},"image":{"@id":"https:\/\/datajusta.cl\/plataforma-data-justa\/#primaryimage"},"thumbnailUrl":"https:\/\/datajusta.cl\/wp-content\/uploads\/2025\/02\/plataforma-1.jpeg","datePublished":"2026-01-02T01:20:52+00:00","dateModified":"2026-01-14T21:38:40+00:00","breadcrumb":{"@id":"https:\/\/datajusta.cl\/plataforma-data-justa\/#breadcrumb"},"inLanguage":"en-US","potentialAction":[{"@type":"ReadAction","target":["https:\/\/datajusta.cl\/plataforma-data-justa\/"]}]},{"@type":"ImageObject","inLanguage":"en-US","@id":"https:\/\/datajusta.cl\/plataforma-data-justa\/#primaryimage","url":"https:\/\/datajusta.cl\/wp-content\/uploads\/2025\/02\/plataforma-1.jpeg","contentUrl":"https:\/\/datajusta.cl\/wp-content\/uploads\/2025\/02\/plataforma-1.jpeg"},{"@type":"BreadcrumbList","@id":"https:\/\/datajusta.cl\/plataforma-data-justa\/#breadcrumb","itemListElement":[{"@type":"ListItem","position":1,"name":"Home","item":"https:\/\/datajusta.cl\/"},{"@type":"ListItem","position":2,"name":"Plataforma Data Justa"}]},{"@type":"WebSite","@id":"https:\/\/datajusta.cl\/#website","url":"https:\/\/datajusta.cl\/","name":"NupatS","description":"N\u00facleo Milenio DATA JUSTA","publisher":{"@id":"https:\/\/datajusta.cl\/#organization"},"potentialAction":[{"@type":"SearchAction","target":{"@type":"EntryPoint","urlTemplate":"https:\/\/datajusta.cl\/?s={search_term_string}"},"query-input":{"@type":"PropertyValueSpecification","valueRequired":true,"valueName":"search_term_string"}}],"inLanguage":"en-US"},{"@type":"Organization","@id":"https:\/\/datajusta.cl\/#organization","name":"NupatS","url":"https:\/\/datajusta.cl\/","logo":{"@type":"ImageObject","inLanguage":"en-US","@id":"https:\/\/datajusta.cl\/#\/schema\/logo\/image\/","url":"https:\/\/datajusta.cl\/wp-content\/uploads\/2024\/11\/logo-horizontal.webp","contentUrl":"https:\/\/datajusta.cl\/wp-content\/uploads\/2024\/11\/logo-horizontal.webp","width":600,"height":228,"caption":"NupatS"},"image":{"@id":"https:\/\/datajusta.cl\/#\/schema\/logo\/image\/"},"sameAs":["https:\/\/www.facebook.com\/profile.php?id=61568091486805","https:\/\/www.instagram.com\/nucleomilenionupats","https:\/\/www.linkedin.com\/company\/ncleo-milenio-nupats\/"]}]}},"_links":{"self":[{"href":"https:\/\/datajusta.cl\/en\/wp-json\/wp\/v2\/pages\/1759","targetHints":{"allow":["GET"]}}],"collection":[{"href":"https:\/\/datajusta.cl\/en\/wp-json\/wp\/v2\/pages"}],"about":[{"href":"https:\/\/datajusta.cl\/en\/wp-json\/wp\/v2\/types\/page"}],"author":[{"embeddable":true,"href":"https:\/\/datajusta.cl\/en\/wp-json\/wp\/v2\/users\/1"}],"replies":[{"embeddable":true,"href":"https:\/\/datajusta.cl\/en\/wp-json\/wp\/v2\/comments?post=1759"}],"version-history":[{"count":5,"href":"https:\/\/datajusta.cl\/en\/wp-json\/wp\/v2\/pages\/1759\/revisions"}],"predecessor-version":[{"id":1937,"href":"https:\/\/datajusta.cl\/en\/wp-json\/wp\/v2\/pages\/1759\/revisions\/1937"}],"wp:attachment":[{"href":"https:\/\/datajusta.cl\/en\/wp-json\/wp\/v2\/media?parent=1759"}],"curies":[{"name":"wp","href":"https:\/\/api.w.org\/{rel}","templated":true}]}}