{"id":1762,"date":"2026-01-02T01:20:10","date_gmt":"2026-01-02T01:20:10","guid":{"rendered":"https:\/\/datajusta.cl\/?page_id=1762"},"modified":"2026-01-30T20:18:33","modified_gmt":"2026-01-30T20:18:33","slug":"formacion","status":"publish","type":"page","link":"https:\/\/datajusta.cl\/es\/formacion\/","title":{"rendered":"Formaci\u00f3n"},"content":{"rendered":"\t\t<div data-elementor-type=\"wp-page\" data-elementor-id=\"1762\" class=\"elementor elementor-1762\">\n\t\t\t\t<div class=\"elementor-element elementor-element-01f0af5 e-flex e-con-boxed e-con e-parent\" data-id=\"01f0af5\" data-element_type=\"container\" data-settings=\"{&quot;background_background&quot;:&quot;classic&quot;}\">\n\t\t\t\t\t<div class=\"e-con-inner\">\n\t\t\t\t<div class=\"elementor-element elementor-element-b447b2d animated-slow elementor-invisible elementor-widget elementor-widget-heading\" data-id=\"b447b2d\" data-element_type=\"widget\" data-settings=\"{&quot;_animation&quot;:&quot;fadeInUp&quot;,&quot;_animation_delay&quot;:100}\" data-widget_type=\"heading.default\">\n\t\t\t\t<div class=\"elementor-widget-container\">\n\t\t\t\t\t<h1 class=\"elementor-heading-title elementor-size-default\">Formaci\u00f3n<\/h1>\t\t\t\t<\/div>\n\t\t\t\t<\/div>\n\t\t\t\t\t<\/div>\n\t\t\t\t<\/div>\n\t\t<div class=\"elementor-element elementor-element-edaf646 e-flex e-con-boxed e-con e-parent\" data-id=\"edaf646\" data-element_type=\"container\" data-settings=\"{&quot;background_background&quot;:&quot;classic&quot;}\">\n\t\t\t\t\t<div class=\"e-con-inner\">\n\t\t\t\t<div class=\"elementor-element elementor-element-19f5dd3 animated-slow elementor-widget__width-initial elementor-widget-tablet__width-inherit elementor-invisible elementor-widget elementor-widget-text-editor\" data-id=\"19f5dd3\" data-element_type=\"widget\" data-settings=\"{&quot;_animation&quot;:&quot;fadeInUp&quot;,&quot;_animation_delay&quot;:100}\" data-widget_type=\"text-editor.default\">\n\t\t\t\t<div class=\"elementor-widget-container\">\n\t\t\t\t\t\t\t\t\t<p>Data Justa tiene como objetivo contribuir a la formaci\u00f3n de capital humano avanzado, a trav\u00e9s de\nla capacitaci\u00f3n en el campo de los derechos humanos desde una perspectiva cr\u00edtica e\ninterdisciplinaria. Se busca integrar enfoques \u00e9ticos, fomentar la participaci\u00f3n de las v\u00edctimas y\nprevenir la revictimizaci\u00f3n, todo en colaboraci\u00f3n con la academia, el Estado y las comunidades\nafectadas.\n\nLas actividades previstas en este \u00e1mbito incluyen:<\/p>\t\t\t\t\t\t\t\t<\/div>\n\t\t\t\t<\/div>\n\t\t\t\t\t<\/div>\n\t\t\t\t<\/div>\n\t\t<div class=\"elementor-element elementor-element-e14a44e e-flex e-con-boxed e-con e-parent\" data-id=\"e14a44e\" data-element_type=\"container\">\n\t\t\t\t\t<div class=\"e-con-inner\">\n\t\t<div class=\"elementor-element elementor-element-bf6adea e-con-full e-flex e-con e-child\" data-id=\"bf6adea\" data-element_type=\"container\" data-settings=\"{&quot;background_background&quot;:&quot;classic&quot;}\">\n\t\t<div class=\"elementor-element elementor-element-b784973 e-con-full e-flex e-con e-child\" data-id=\"b784973\" data-element_type=\"container\" data-settings=\"{&quot;background_background&quot;:&quot;classic&quot;}\">\n\t\t\t\t<div class=\"elementor-element elementor-element-107304d animated-slow elementor-invisible elementor-widget elementor-widget-image\" data-id=\"107304d\" data-element_type=\"widget\" data-settings=\"{&quot;_animation&quot;:&quot;fadeInLeft&quot;,&quot;_animation_delay&quot;:100}\" data-widget_type=\"image.default\">\n\t\t\t\t<div class=\"elementor-widget-container\">\n\t\t\t\t\t\t\t\t\t\t\t\t\t\t\t<img fetchpriority=\"high\" decoding=\"async\" width=\"1024\" height=\"755\" src=\"https:\/\/datajusta.cl\/wp-content\/uploads\/2026\/01\/1-5_54610044207_o-1024x755.jpg\" class=\"attachment-large size-large wp-image-1995\" alt=\"\" srcset=\"https:\/\/datajusta.cl\/wp-content\/uploads\/2026\/01\/1-5_54610044207_o-1024x755.jpg 1024w, https:\/\/datajusta.cl\/wp-content\/uploads\/2026\/01\/1-5_54610044207_o-300x221.jpg 300w, https:\/\/datajusta.cl\/wp-content\/uploads\/2026\/01\/1-5_54610044207_o-768x566.jpg 768w, https:\/\/datajusta.cl\/wp-content\/uploads\/2026\/01\/1-5_54610044207_o-1536x1133.jpg 1536w, https:\/\/datajusta.cl\/wp-content\/uploads\/2026\/01\/1-5_54610044207_o-2048x1510.jpg 2048w, https:\/\/datajusta.cl\/wp-content\/uploads\/2026\/01\/1-5_54610044207_o-16x12.jpg 16w\" sizes=\"(max-width: 1024px) 100vw, 1024px\" \/>\t\t\t\t\t\t\t\t\t\t\t\t\t\t\t<\/div>\n\t\t\t\t<\/div>\n\t\t\t\t<\/div>\n\t\t<div class=\"elementor-element elementor-element-e2074f4 e-con-full e-flex e-con e-child\" data-id=\"e2074f4\" data-element_type=\"container\">\n\t\t\t\t<div class=\"elementor-element elementor-element-29cce27 animated-slow elementor-invisible elementor-widget elementor-widget-heading\" data-id=\"29cce27\" data-element_type=\"widget\" data-settings=\"{&quot;_animation&quot;:&quot;fadeInUp&quot;,&quot;_animation_delay&quot;:100}\" data-widget_type=\"heading.default\">\n\t\t\t\t<div class=\"elementor-widget-container\">\n\t\t\t\t\t<h2 class=\"elementor-heading-title elementor-size-default\">Talleres territoriales bianuales<\/h2>\t\t\t\t<\/div>\n\t\t\t\t<\/div>\n\t\t\t\t<div class=\"elementor-element elementor-element-74798d0 animated-slow elementor-widget__width-inherit elementor-invisible elementor-widget elementor-widget-text-editor\" data-id=\"74798d0\" data-element_type=\"widget\" data-settings=\"{&quot;_animation&quot;:&quot;fadeInUp&quot;,&quot;_animation_delay&quot;:100}\" data-widget_type=\"text-editor.default\">\n\t\t\t\t<div class=\"elementor-widget-container\">\n\t\t\t\t\t\t\t\t\t<p>Los talleres territoriales se llevar\u00e1n a cabo dos veces al a\u00f1o, con el fin de promover el intercambio entre investigadores, acad\u00e9micos, profesionales del Estado y organizaciones de la sociedad civil. Estar\u00e1n dirigidos a investigadores j\u00f3venes, profesionales de organismos estatales que prestan servicios a v\u00edctimas de vulneraciones de derechos humanos y a otros actores interesados en esta formaci\u00f3n. A trav\u00e9s de estos talleres, se abordar\u00e1n aspectos te\u00f3ricos, metodol\u00f3gicos y \u00e9ticos de la investigaci\u00f3n, as\u00ed como temas relacionados con grupos de especial protecci\u00f3n y est\u00e1ndares internacionales, entre otros.<\/p>\t\t\t\t\t\t\t\t<\/div>\n\t\t\t\t<\/div>\n\t\t\t\t<\/div>\n\t\t\t\t<\/div>\n\t\t\t\t\t<\/div>\n\t\t\t\t<\/div>\n\t\t<div class=\"elementor-element elementor-element-807778e e-flex e-con-boxed e-con e-parent\" data-id=\"807778e\" data-element_type=\"container\">\n\t\t\t\t\t<div class=\"e-con-inner\">\n\t\t<div class=\"elementor-element elementor-element-098b703 e-con-full e-flex e-con e-child\" data-id=\"098b703\" data-element_type=\"container\" data-settings=\"{&quot;background_background&quot;:&quot;classic&quot;}\">\n\t\t<div class=\"elementor-element elementor-element-c0c7d29 e-con-full e-flex e-con e-child\" data-id=\"c0c7d29\" data-element_type=\"container\" data-settings=\"{&quot;background_background&quot;:&quot;classic&quot;}\">\n\t\t\t\t<div class=\"elementor-element elementor-element-d691523 animated-slow elementor-invisible elementor-widget elementor-widget-image\" data-id=\"d691523\" data-element_type=\"widget\" data-settings=\"{&quot;_animation&quot;:&quot;fadeInLeft&quot;,&quot;_animation_delay&quot;:100}\" data-widget_type=\"image.default\">\n\t\t\t\t<div class=\"elementor-widget-container\">\n\t\t\t\t\t\t\t\t\t\t\t\t\t\t\t<img decoding=\"async\" width=\"975\" height=\"1024\" src=\"https:\/\/datajusta.cl\/wp-content\/uploads\/2026\/01\/WhatsApp-Image-2026-01-30-at-17.16.03-975x1024.jpeg\" class=\"attachment-large size-large wp-image-2001\" alt=\"\" srcset=\"https:\/\/datajusta.cl\/wp-content\/uploads\/2026\/01\/WhatsApp-Image-2026-01-30-at-17.16.03-975x1024.jpeg 975w, https:\/\/datajusta.cl\/wp-content\/uploads\/2026\/01\/WhatsApp-Image-2026-01-30-at-17.16.03-286x300.jpeg 286w, https:\/\/datajusta.cl\/wp-content\/uploads\/2026\/01\/WhatsApp-Image-2026-01-30-at-17.16.03-768x806.jpeg 768w, https:\/\/datajusta.cl\/wp-content\/uploads\/2026\/01\/WhatsApp-Image-2026-01-30-at-17.16.03-11x12.jpeg 11w, https:\/\/datajusta.cl\/wp-content\/uploads\/2026\/01\/WhatsApp-Image-2026-01-30-at-17.16.03.jpeg 1179w\" sizes=\"(max-width: 975px) 100vw, 975px\" \/>\t\t\t\t\t\t\t\t\t\t\t\t\t\t\t<\/div>\n\t\t\t\t<\/div>\n\t\t\t\t<\/div>\n\t\t<div class=\"elementor-element elementor-element-d27c878 e-con-full e-flex e-con e-child\" data-id=\"d27c878\" data-element_type=\"container\">\n\t\t\t\t<div class=\"elementor-element elementor-element-2deca25 animated-slow elementor-invisible elementor-widget elementor-widget-heading\" data-id=\"2deca25\" data-element_type=\"widget\" data-settings=\"{&quot;_animation&quot;:&quot;fadeInUp&quot;,&quot;_animation_delay&quot;:100}\" data-widget_type=\"heading.default\">\n\t\t\t\t<div class=\"elementor-widget-container\">\n\t\t\t\t\t<h2 class=\"elementor-heading-title elementor-size-default\">Integraci\u00f3n en redes acad\u00e9micas<\/h2>\t\t\t\t<\/div>\n\t\t\t\t<\/div>\n\t\t\t\t<div class=\"elementor-element elementor-element-385ab18 animated-slow elementor-widget__width-inherit elementor-invisible elementor-widget elementor-widget-text-editor\" data-id=\"385ab18\" data-element_type=\"widget\" data-settings=\"{&quot;_animation&quot;:&quot;fadeInUp&quot;,&quot;_animation_delay&quot;:100}\" data-widget_type=\"text-editor.default\">\n\t\t\t\t<div class=\"elementor-widget-container\">\n\t\t\t\t\t\t\t\t\t<p>Se espera que nuestros\/as investigadores\/as j\u00f3venes participen activamente en debates acad\u00e9micos, colaboren en la preparaci\u00f3n de informes y publicaciones junto a las investigadoras principales, e integren esfuerzos colaborativos, contribuyendo as\u00ed a la producci\u00f3n de conocimiento en este campo de estudio.<\/p>\t\t\t\t\t\t\t\t<\/div>\n\t\t\t\t<\/div>\n\t\t\t\t<\/div>\n\t\t\t\t<\/div>\n\t\t\t\t\t<\/div>\n\t\t\t\t<\/div>\n\t\t<div class=\"elementor-element elementor-element-e1011ab e-flex e-con-boxed e-con e-parent\" data-id=\"e1011ab\" data-element_type=\"container\">\n\t\t\t\t\t<div class=\"e-con-inner\">\n\t\t<div class=\"elementor-element elementor-element-b221f9a e-con-full e-flex e-con e-child\" data-id=\"b221f9a\" data-element_type=\"container\" data-settings=\"{&quot;background_background&quot;:&quot;classic&quot;}\">\n\t\t<div class=\"elementor-element elementor-element-d033bb0 e-con-full e-flex e-con e-child\" data-id=\"d033bb0\" data-element_type=\"container\" data-settings=\"{&quot;background_background&quot;:&quot;classic&quot;}\">\n\t\t\t\t<div class=\"elementor-element elementor-element-222cd28 animated-slow elementor-invisible elementor-widget elementor-widget-image\" data-id=\"222cd28\" data-element_type=\"widget\" data-settings=\"{&quot;_animation&quot;:&quot;fadeInLeft&quot;,&quot;_animation_delay&quot;:100}\" data-widget_type=\"image.default\">\n\t\t\t\t<div class=\"elementor-widget-container\">\n\t\t\t\t\t\t\t\t\t\t\t\t\t\t\t<img decoding=\"async\" width=\"1024\" height=\"563\" src=\"https:\/\/datajusta.cl\/wp-content\/uploads\/2026\/01\/WhatsApp-Image-2026-01-30-at-16.04.41-1024x563.jpeg\" class=\"attachment-large size-large wp-image-1997\" alt=\"\" srcset=\"https:\/\/datajusta.cl\/wp-content\/uploads\/2026\/01\/WhatsApp-Image-2026-01-30-at-16.04.41-1024x563.jpeg 1024w, https:\/\/datajusta.cl\/wp-content\/uploads\/2026\/01\/WhatsApp-Image-2026-01-30-at-16.04.41-300x165.jpeg 300w, https:\/\/datajusta.cl\/wp-content\/uploads\/2026\/01\/WhatsApp-Image-2026-01-30-at-16.04.41-768x422.jpeg 768w, https:\/\/datajusta.cl\/wp-content\/uploads\/2026\/01\/WhatsApp-Image-2026-01-30-at-16.04.41-18x10.jpeg 18w, https:\/\/datajusta.cl\/wp-content\/uploads\/2026\/01\/WhatsApp-Image-2026-01-30-at-16.04.41.jpeg 1179w\" sizes=\"(max-width: 1024px) 100vw, 1024px\" \/>\t\t\t\t\t\t\t\t\t\t\t\t\t\t\t<\/div>\n\t\t\t\t<\/div>\n\t\t\t\t<\/div>\n\t\t<div class=\"elementor-element elementor-element-e80a3a3 e-con-full e-flex e-con e-child\" data-id=\"e80a3a3\" data-element_type=\"container\">\n\t\t\t\t<div class=\"elementor-element elementor-element-d184e63 animated-slow elementor-invisible elementor-widget elementor-widget-heading\" data-id=\"d184e63\" data-element_type=\"widget\" data-settings=\"{&quot;_animation&quot;:&quot;fadeInUp&quot;,&quot;_animation_delay&quot;:100}\" data-widget_type=\"heading.default\">\n\t\t\t\t<div class=\"elementor-widget-container\">\n\t\t\t\t\t<h2 class=\"elementor-heading-title elementor-size-default\">Tesistas de pregrado y postgrado<\/h2>\t\t\t\t<\/div>\n\t\t\t\t<\/div>\n\t\t\t\t<div class=\"elementor-element elementor-element-a0a7a13 animated-slow elementor-widget__width-inherit elementor-invisible elementor-widget elementor-widget-text-editor\" data-id=\"a0a7a13\" data-element_type=\"widget\" data-settings=\"{&quot;_animation&quot;:&quot;fadeInUp&quot;,&quot;_animation_delay&quot;:100}\" data-widget_type=\"text-editor.default\">\n\t\t\t\t<div class=\"elementor-widget-container\">\n\t\t\t\t\t\t\t\t\t<p>Contaremos con tesistas de pregrado, mag\u00edster y\/o doctorado de las universidades colaboradoras, buscando contribuir al desarrollo de nuevas generaciones comprometidas con la justicia social y los derechos humanos.<\/p><p>Si tienes alguna idea, proyecto o propuesta relacionada con nuestra investigaci\u00f3n y deseas contactarnos, te invitamos a escribirnos a <strong>nucleo.datajusta@gmail.com.<\/strong><\/p>\t\t\t\t\t\t\t\t<\/div>\n\t\t\t\t<\/div>\n\t\t\t\t<\/div>\n\t\t\t\t<\/div>\n\t\t\t\t\t<\/div>\n\t\t\t\t<\/div>\n\t\t\t\t<\/div>\n\t\t","protected":false},"excerpt":{"rendered":"<p>Formaci\u00f3n Data Justa tiene como objetivo contribuir a la formaci\u00f3n de capital humano avanzado, a trav\u00e9s de la capacitaci\u00f3n en [&hellip;]<\/p>\n","protected":false},"author":1,"featured_media":0,"parent":0,"menu_order":0,"comment_status":"closed","ping_status":"closed","template":"elementor_header_footer","meta":{"_acf_changed":false,"site-sidebar-layout":"no-sidebar","site-content-layout":"","ast-site-content-layout":"full-width-container","site-content-style":"default","site-sidebar-style":"default","ast-global-header-display":"","ast-banner-title-visibility":"","ast-main-header-display":"","ast-hfb-above-header-display":"","ast-hfb-below-header-display":"","ast-hfb-mobile-header-display":"","site-post-title":"disabled","ast-breadcrumbs-content":"","ast-featured-img":"disabled","footer-sml-layout":"","theme-transparent-header-meta":"","adv-header-id-meta":"","stick-header-meta":"","header-above-stick-meta":"","header-main-stick-meta":"","header-below-stick-meta":"","astra-migrate-meta-layouts":"default","ast-page-background-enabled":"default","ast-page-background-meta":{"desktop":{"background-color":"var(--ast-global-color-4)","background-image":"","background-repeat":"repeat","background-position":"center center","background-size":"auto","background-attachment":"scroll","background-type":"","background-media":"","overlay-type":"","overlay-color":"","overlay-opacity":"","overlay-gradient":""},"tablet":{"background-color":"","background-image":"","background-repeat":"repeat","background-position":"center center","background-size":"auto","background-attachment":"scroll","background-type":"","background-media":"","overlay-type":"","overlay-color":"","overlay-opacity":"","overlay-gradient":""},"mobile":{"background-color":"","background-image":"","background-repeat":"repeat","background-position":"center center","background-size":"auto","background-attachment":"scroll","background-type":"","background-media":"","overlay-type":"","overlay-color":"","overlay-opacity":"","overlay-gradient":""}},"ast-content-background-meta":{"desktop":{"background-color":"var(--ast-global-color-5)","background-image":"","background-repeat":"repeat","background-position":"center center","background-size":"auto","background-attachment":"scroll","background-type":"","background-media":"","overlay-type":"","overlay-color":"","overlay-opacity":"","overlay-gradient":""},"tablet":{"background-color":"var(--ast-global-color-5)","background-image":"","background-repeat":"repeat","background-position":"center center","background-size":"auto","background-attachment":"scroll","background-type":"","background-media":"","overlay-type":"","overlay-color":"","overlay-opacity":"","overlay-gradient":""},"mobile":{"background-color":"var(--ast-global-color-5)","background-image":"","background-repeat":"repeat","background-position":"center center","background-size":"auto","background-attachment":"scroll","background-type":"","background-media":"","overlay-type":"","overlay-color":"","overlay-opacity":"","overlay-gradient":""}},"footnotes":""},"class_list":["post-1762","page","type-page","status-publish","hentry"],"acf":[],"yoast_head":"<!-- This site is optimized with the Yoast SEO plugin v26.6 - https:\/\/yoast.com\/wordpress\/plugins\/seo\/ -->\n<title>Formaci\u00f3n - Data Justa<\/title>\n<meta name=\"robots\" content=\"index, follow, max-snippet:-1, max-image-preview:large, max-video-preview:-1\" \/>\n<link rel=\"canonical\" href=\"https:\/\/datajusta.cl\/es\/formacion\/\" \/>\n<meta property=\"og:locale\" content=\"es_ES\" \/>\n<meta property=\"og:type\" content=\"article\" \/>\n<meta property=\"og:title\" content=\"Formaci\u00f3n - Data Justa\" \/>\n<meta property=\"og:description\" content=\"Formaci\u00f3n Data Justa tiene como objetivo contribuir a la formaci\u00f3n de capital humano avanzado, a trav\u00e9s de la capacitaci\u00f3n en [&hellip;]\" \/>\n<meta property=\"og:url\" content=\"https:\/\/datajusta.cl\/es\/formacion\/\" \/>\n<meta property=\"og:site_name\" content=\"Data Justa\" \/>\n<meta property=\"article:publisher\" content=\"https:\/\/www.facebook.com\/profile.php?id=61568091486805\" \/>\n<meta property=\"article:modified_time\" content=\"2026-01-30T20:18:33+00:00\" \/>\n<meta property=\"og:image\" content=\"https:\/\/datajusta.cl\/wp-content\/uploads\/2026\/01\/1-5_54610044207_o-scaled.jpg\" \/>\n\t<meta property=\"og:image:width\" content=\"2560\" \/>\n\t<meta property=\"og:image:height\" content=\"1888\" \/>\n\t<meta property=\"og:image:type\" content=\"image\/jpeg\" \/>\n<meta name=\"twitter:card\" content=\"summary_large_image\" \/>\n<meta name=\"twitter:label1\" content=\"Tiempo de lectura\" \/>\n\t<meta name=\"twitter:data1\" content=\"2 minutos\" \/>\n<script type=\"application\/ld+json\" class=\"yoast-schema-graph\">{\"@context\":\"https:\/\/schema.org\",\"@graph\":[{\"@type\":\"WebPage\",\"@id\":\"https:\/\/datajusta.cl\/formacion\/\",\"url\":\"https:\/\/datajusta.cl\/formacion\/\",\"name\":\"Formaci\u00f3n - Data Justa\",\"isPartOf\":{\"@id\":\"https:\/\/datajusta.cl\/#website\"},\"primaryImageOfPage\":{\"@id\":\"https:\/\/datajusta.cl\/formacion\/#primaryimage\"},\"image\":{\"@id\":\"https:\/\/datajusta.cl\/formacion\/#primaryimage\"},\"thumbnailUrl\":\"https:\/\/datajusta.cl\/wp-content\/uploads\/2026\/01\/1-5_54610044207_o-1024x755.jpg\",\"datePublished\":\"2026-01-02T01:20:10+00:00\",\"dateModified\":\"2026-01-30T20:18:33+00:00\",\"breadcrumb\":{\"@id\":\"https:\/\/datajusta.cl\/formacion\/#breadcrumb\"},\"inLanguage\":\"es\",\"potentialAction\":[{\"@type\":\"ReadAction\",\"target\":[\"https:\/\/datajusta.cl\/formacion\/\"]}]},{\"@type\":\"ImageObject\",\"inLanguage\":\"es\",\"@id\":\"https:\/\/datajusta.cl\/formacion\/#primaryimage\",\"url\":\"https:\/\/datajusta.cl\/wp-content\/uploads\/2026\/01\/1-5_54610044207_o-1024x755.jpg\",\"contentUrl\":\"https:\/\/datajusta.cl\/wp-content\/uploads\/2026\/01\/1-5_54610044207_o-1024x755.jpg\"},{\"@type\":\"BreadcrumbList\",\"@id\":\"https:\/\/datajusta.cl\/formacion\/#breadcrumb\",\"itemListElement\":[{\"@type\":\"ListItem\",\"position\":1,\"name\":\"Home\",\"item\":\"https:\/\/datajusta.cl\/\"},{\"@type\":\"ListItem\",\"position\":2,\"name\":\"Formaci\u00f3n\"}]},{\"@type\":\"WebSite\",\"@id\":\"https:\/\/datajusta.cl\/#website\",\"url\":\"https:\/\/datajusta.cl\/\",\"name\":\"NupatS\",\"description\":\"N\u00facleo Milenio DATA JUSTA\",\"publisher\":{\"@id\":\"https:\/\/datajusta.cl\/#organization\"},\"potentialAction\":[{\"@type\":\"SearchAction\",\"target\":{\"@type\":\"EntryPoint\",\"urlTemplate\":\"https:\/\/datajusta.cl\/?s={search_term_string}\"},\"query-input\":{\"@type\":\"PropertyValueSpecification\",\"valueRequired\":true,\"valueName\":\"search_term_string\"}}],\"inLanguage\":\"es\"},{\"@type\":\"Organization\",\"@id\":\"https:\/\/datajusta.cl\/#organization\",\"name\":\"NupatS\",\"url\":\"https:\/\/datajusta.cl\/\",\"logo\":{\"@type\":\"ImageObject\",\"inLanguage\":\"es\",\"@id\":\"https:\/\/datajusta.cl\/#\/schema\/logo\/image\/\",\"url\":\"https:\/\/datajusta.cl\/wp-content\/uploads\/2024\/11\/logo-horizontal.webp\",\"contentUrl\":\"https:\/\/datajusta.cl\/wp-content\/uploads\/2024\/11\/logo-horizontal.webp\",\"width\":600,\"height\":228,\"caption\":\"NupatS\"},\"image\":{\"@id\":\"https:\/\/datajusta.cl\/#\/schema\/logo\/image\/\"},\"sameAs\":[\"https:\/\/www.facebook.com\/profile.php?id=61568091486805\",\"https:\/\/www.instagram.com\/nucleomilenionupats\",\"https:\/\/www.linkedin.com\/company\/ncleo-milenio-nupats\/\"]}]}<\/script>\n<!-- \/ Yoast SEO plugin. -->","yoast_head_json":{"title":"Formaci\u00f3n - Data Justa","robots":{"index":"index","follow":"follow","max-snippet":"max-snippet:-1","max-image-preview":"max-image-preview:large","max-video-preview":"max-video-preview:-1"},"canonical":"https:\/\/datajusta.cl\/es\/formacion\/","og_locale":"es_ES","og_type":"article","og_title":"Formaci\u00f3n - Data Justa","og_description":"Formaci\u00f3n Data Justa tiene como objetivo contribuir a la formaci\u00f3n de capital humano avanzado, a trav\u00e9s de la capacitaci\u00f3n en [&hellip;]","og_url":"https:\/\/datajusta.cl\/es\/formacion\/","og_site_name":"Data Justa","article_publisher":"https:\/\/www.facebook.com\/profile.php?id=61568091486805","article_modified_time":"2026-01-30T20:18:33+00:00","og_image":[{"width":2560,"height":1888,"url":"https:\/\/datajusta.cl\/wp-content\/uploads\/2026\/01\/1-5_54610044207_o-scaled.jpg","type":"image\/jpeg"}],"twitter_card":"summary_large_image","twitter_misc":{"Tiempo de lectura":"2 minutos"},"schema":{"@context":"https:\/\/schema.org","@graph":[{"@type":"WebPage","@id":"https:\/\/datajusta.cl\/formacion\/","url":"https:\/\/datajusta.cl\/formacion\/","name":"Formaci\u00f3n - Data Justa","isPartOf":{"@id":"https:\/\/datajusta.cl\/#website"},"primaryImageOfPage":{"@id":"https:\/\/datajusta.cl\/formacion\/#primaryimage"},"image":{"@id":"https:\/\/datajusta.cl\/formacion\/#primaryimage"},"thumbnailUrl":"https:\/\/datajusta.cl\/wp-content\/uploads\/2026\/01\/1-5_54610044207_o-1024x755.jpg","datePublished":"2026-01-02T01:20:10+00:00","dateModified":"2026-01-30T20:18:33+00:00","breadcrumb":{"@id":"https:\/\/datajusta.cl\/formacion\/#breadcrumb"},"inLanguage":"es","potentialAction":[{"@type":"ReadAction","target":["https:\/\/datajusta.cl\/formacion\/"]}]},{"@type":"ImageObject","inLanguage":"es","@id":"https:\/\/datajusta.cl\/formacion\/#primaryimage","url":"https:\/\/datajusta.cl\/wp-content\/uploads\/2026\/01\/1-5_54610044207_o-1024x755.jpg","contentUrl":"https:\/\/datajusta.cl\/wp-content\/uploads\/2026\/01\/1-5_54610044207_o-1024x755.jpg"},{"@type":"BreadcrumbList","@id":"https:\/\/datajusta.cl\/formacion\/#breadcrumb","itemListElement":[{"@type":"ListItem","position":1,"name":"Home","item":"https:\/\/datajusta.cl\/"},{"@type":"ListItem","position":2,"name":"Formaci\u00f3n"}]},{"@type":"WebSite","@id":"https:\/\/datajusta.cl\/#website","url":"https:\/\/datajusta.cl\/","name":"NupatS","description":"N\u00facleo Milenio DATA JUSTA","publisher":{"@id":"https:\/\/datajusta.cl\/#organization"},"potentialAction":[{"@type":"SearchAction","target":{"@type":"EntryPoint","urlTemplate":"https:\/\/datajusta.cl\/?s={search_term_string}"},"query-input":{"@type":"PropertyValueSpecification","valueRequired":true,"valueName":"search_term_string"}}],"inLanguage":"es"},{"@type":"Organization","@id":"https:\/\/datajusta.cl\/#organization","name":"NupatS","url":"https:\/\/datajusta.cl\/","logo":{"@type":"ImageObject","inLanguage":"es","@id":"https:\/\/datajusta.cl\/#\/schema\/logo\/image\/","url":"https:\/\/datajusta.cl\/wp-content\/uploads\/2024\/11\/logo-horizontal.webp","contentUrl":"https:\/\/datajusta.cl\/wp-content\/uploads\/2024\/11\/logo-horizontal.webp","width":600,"height":228,"caption":"NupatS"},"image":{"@id":"https:\/\/datajusta.cl\/#\/schema\/logo\/image\/"},"sameAs":["https:\/\/www.facebook.com\/profile.php?id=61568091486805","https:\/\/www.instagram.com\/nucleomilenionupats","https:\/\/www.linkedin.com\/company\/ncleo-milenio-nupats\/"]}]}},"_links":{"self":[{"href":"https:\/\/datajusta.cl\/es\/wp-json\/wp\/v2\/pages\/1762","targetHints":{"allow":["GET"]}}],"collection":[{"href":"https:\/\/datajusta.cl\/es\/wp-json\/wp\/v2\/pages"}],"about":[{"href":"https:\/\/datajusta.cl\/es\/wp-json\/wp\/v2\/types\/page"}],"author":[{"embeddable":true,"href":"https:\/\/datajusta.cl\/es\/wp-json\/wp\/v2\/users\/1"}],"replies":[{"embeddable":true,"href":"https:\/\/datajusta.cl\/es\/wp-json\/wp\/v2\/comments?post=1762"}],"version-history":[{"count":5,"href":"https:\/\/datajusta.cl\/es\/wp-json\/wp\/v2\/pages\/1762\/revisions"}],"predecessor-version":[{"id":2004,"href":"https:\/\/datajusta.cl\/es\/wp-json\/wp\/v2\/pages\/1762\/revisions\/2004"}],"wp:attachment":[{"href":"https:\/\/datajusta.cl\/es\/wp-json\/wp\/v2\/media?parent=1762"}],"curies":[{"name":"wp","href":"https:\/\/api.w.org\/{rel}","templated":true}]}}